{"id":571,"date":"2019-11-07T10:26:00","date_gmt":"2019-11-07T10:26:00","guid":{"rendered":"https:\/\/mayanlighting.es\/?page_id=571"},"modified":"2019-11-07T10:35:23","modified_gmt":"2019-11-07T10:35:23","slug":"technical-studies","status":"publish","type":"page","link":"https:\/\/mayanlighting.es\/es\/technical-studies\/","title":{"rendered":"Estudios t\u00e9cnicos"},"content":{"rendered":"<p><section class=\"kc-elm kc-css-275042 kc_row\"><div class=\"kc-row-container  kc-container\"><div class=\"kc-wrap-columns\"><div class=\"kc-elm kc-css-681830 kc_col-sm-12 kc_column kc_col-sm-12\"><div class=\"kc-col-container\"><div class=\"kc-elm kc-css-681138 kc_row kc_row_inner\"><div class=\"kc-elm kc-css-326955 kc_col-sm-12 kc_column_inner kc_col-sm-12\"><div class=\"kc_wrapper kc-col-inner-container\"><\/div><\/div><\/div><\/div><\/div><\/div><\/div><\/section><section class=\"kc-elm kc-css-404586 kc_row\"><div class=\"kc-row-container  kc-container\"><div class=\"kc-wrap-columns\"><div class=\"kc-elm kc-css-885764 kc_col-sm-12 kc_column kc_col-sm-12\"><div class=\"kc-col-container\"><div class=\"kc-elm kc-css-821479 kc_text_block\"><\/p>\n<h1>Estudios t\u00e9cnicos<\/h1>\n<p>\n<\/div><div class=\"kc-elm kc-css-135102 kc_text_block\"><\/p>\n<p class=\"MsoNormal\">Proporcionamos an\u00e1lisis t\u00e9cnicos y comerciales para los proyectos en consulta con varios departamentos de nuestros proveedores: entendiendo los requisitos del proyecto, determinando la soluci\u00f3n m\u00e1s apropiada e identificando \u00e1reas para mejorar y entregar la soluci\u00f3n correcta seg\u00fan las necesidades del cliente y las especificaciones y requisitos del proyecto. proyectos, DIALUX es el programa para los c\u00e1lculos de iluminaci\u00f3n para la planificaci\u00f3n interior y exterior. El software le permite al dise\u00f1ador calcular y elaborar los datos, y verificar meticulosamente la calidad y el nivel de iluminaci\u00f3n en todas las superficies y muebles en un \u00e1rea, con la posibilidad de importar archivos DXF pertinentes a la geometr\u00eda del \u00e1rea que necesita iluminaci\u00f3n. Con m\u00f3dulos de trabajo integrados, el programa se utiliza para investigar par\u00e1metros para seleccionar el producto de iluminaci\u00f3n m\u00e1s adecuado, generar representaciones, gestionar datos fotom\u00e9tricos y preparar estimaciones.<\/p>\n<\/p>\n<p class=\"MsoNormal\">Para proyectos especializados, Relux Informatik AG ha desarrollado una plataforma de programas para proyectos de dise\u00f1o de iluminaci\u00f3n digital. Estos instrumentos de c\u00e1lculo de iluminaci\u00f3n permiten realizar pruebas y mediciones precisas con respecto a la luz natural, artificial y combinada, en diversos ambientes interiores y exteriores. Adem\u00e1s, un programa de cotizaciones integrado en el software permite estimaciones y literatura de informaci\u00f3n, incluidas las curvas fotom\u00e9tricas, que se enviar\u00e1n.<\/p>\n<p>&nbsp;<\/p>\n<p class=\"MsoNormal\">Se realiza un estudio con los par\u00e1metros reales para los estudios de ahorro de energ\u00eda, y el nuevo dise\u00f1o se establece de acuerdo con los requisitos del cliente y el per\u00edodo de retorno de la inversi\u00f3n con c\u00e1lculos del ahorro en la factura de energ\u00eda y todas las dem\u00e1s medidas relacionadas, como el mantenimiento adem\u00e1s del costo inicial .<\/p>\n<\/p>\n<p class=\"MsoNormal\">El estudio t\u00e9cnico ofrece al cliente la flexibilidad de elegir entre todas las soluciones posibles. Ahorra tiempo y dinero al tiempo que garantiza la iluminaci\u00f3n correcta y perfecta para todo tipo de espacios, ya sea una tienda, un hotel, una residencia privada o un proyecto al aire libre y paisaj\u00edstico.<\/p>\n<p>\n<\/div><\/div><\/div><\/div><\/div><\/section><\/p>","protected":false},"excerpt":{"rendered":"","protected":false},"author":1,"featured_media":0,"parent":0,"menu_order":0,"comment_status":"closed","ping_status":"closed","template":"homepage.php","meta":{"ngg_post_thumbnail":0,"footnotes":""},"class_list":["post-571","page","type-page","status-publish","hentry"],"yoast_head":"<!-- This site is optimized with the Yoast SEO plugin v27.4 - https:\/\/yoast.com\/product\/yoast-seo-wordpress\/ -->\n<title>Technical Studies Service - Mayan Lighting - Barcelona<\/title>\n<meta name=\"description\" content=\"MAYAN lighting design offers a wide range of Lighting Technical Studies services, supported by the latest lighting technologies and softwares\" \/>\n<meta name=\"robots\" content=\"index, follow, max-snippet:-1, max-image-preview:large, max-video-preview:-1\" \/>\n<link rel=\"canonical\" href=\"https:\/\/mayanlighting.es\/es\/technical-studies\/\" \/>\n<meta property=\"og:locale\" content=\"es_ES\" \/>\n<meta property=\"og:type\" content=\"article\" \/>\n<meta property=\"og:title\" content=\"Technical Studies Service - Mayan Lighting - Barcelona\" \/>\n<meta property=\"og:description\" content=\"MAYAN lighting design offers a wide range of Lighting Technical Studies services, supported by the latest lighting technologies and softwares\" \/>\n<meta property=\"og:url\" content=\"https:\/\/mayanlighting.es\/es\/technical-studies\/\" \/>\n<meta property=\"og:site_name\" content=\"Mayan Lighting\" \/>\n<meta property=\"article:modified_time\" content=\"2019-11-07T10:35:23+00:00\" \/>\n<meta name=\"twitter:card\" content=\"summary_large_image\" \/>\n<meta name=\"twitter:label1\" content=\"Tiempo de lectura\" \/>\n\t<meta name=\"twitter:data1\" content=\"1 minuto\" \/>\n<script type=\"application\/ld+json\" class=\"yoast-schema-graph\">{\"@context\":\"https:\\\/\\\/schema.org\",\"@graph\":[{\"@type\":\"WebPage\",\"@id\":\"https:\\\/\\\/mayanlighting.es\\\/technical-studies\\\/\",\"url\":\"https:\\\/\\\/mayanlighting.es\\\/technical-studies\\\/\",\"name\":\"Technical Studies Service - Mayan Lighting - Barcelona\",\"isPartOf\":{\"@id\":\"https:\\\/\\\/mayanlighting.es\\\/en\\\/#website\"},\"datePublished\":\"2019-11-07T10:26:00+00:00\",\"dateModified\":\"2019-11-07T10:35:23+00:00\",\"description\":\"MAYAN lighting design offers a wide range of Lighting Technical Studies services, supported by the latest lighting technologies and softwares\",\"breadcrumb\":{\"@id\":\"https:\\\/\\\/mayanlighting.es\\\/technical-studies\\\/#breadcrumb\"},\"inLanguage\":\"es\",\"potentialAction\":[{\"@type\":\"ReadAction\",\"target\":[\"https:\\\/\\\/mayanlighting.es\\\/technical-studies\\\/\"]}]},{\"@type\":\"BreadcrumbList\",\"@id\":\"https:\\\/\\\/mayanlighting.es\\\/technical-studies\\\/#breadcrumb\",\"itemListElement\":[{\"@type\":\"ListItem\",\"position\":1,\"name\":\"Home\",\"item\":\"https:\\\/\\\/mayanlighting.es\\\/en\\\/\"},{\"@type\":\"ListItem\",\"position\":2,\"name\":\"Technical Studies\"}]},{\"@type\":\"WebSite\",\"@id\":\"https:\\\/\\\/mayanlighting.es\\\/en\\\/#website\",\"url\":\"https:\\\/\\\/mayanlighting.es\\\/en\\\/\",\"name\":\"Mayan Lighting\",\"description\":\"Lighting Design Consultancy in Barcelona\",\"potentialAction\":[{\"@type\":\"SearchAction\",\"target\":{\"@type\":\"EntryPoint\",\"urlTemplate\":\"https:\\\/\\\/mayanlighting.es\\\/en\\\/?s={search_term_string}\"},\"query-input\":{\"@type\":\"PropertyValueSpecification\",\"valueRequired\":true,\"valueName\":\"search_term_string\"}}],\"inLanguage\":\"es\"}]}<\/script>\n<!-- \/ Yoast SEO plugin. -->","yoast_head_json":{"title":"Technical Studies Service - Mayan Lighting - Barcelona","description":"MAYAN lighting design offers a wide range of Lighting Technical Studies services, supported by the latest lighting technologies and softwares","robots":{"index":"index","follow":"follow","max-snippet":"max-snippet:-1","max-image-preview":"max-image-preview:large","max-video-preview":"max-video-preview:-1"},"canonical":"https:\/\/mayanlighting.es\/es\/technical-studies\/","og_locale":"es_ES","og_type":"article","og_title":"Technical Studies Service - Mayan Lighting - Barcelona","og_description":"MAYAN lighting design offers a wide range of Lighting Technical Studies services, supported by the latest lighting technologies and softwares","og_url":"https:\/\/mayanlighting.es\/es\/technical-studies\/","og_site_name":"Mayan Lighting","article_modified_time":"2019-11-07T10:35:23+00:00","twitter_card":"summary_large_image","twitter_misc":{"Tiempo de lectura":"1 minuto"},"schema":{"@context":"https:\/\/schema.org","@graph":[{"@type":"WebPage","@id":"https:\/\/mayanlighting.es\/technical-studies\/","url":"https:\/\/mayanlighting.es\/technical-studies\/","name":"Technical Studies Service - Mayan Lighting - Barcelona","isPartOf":{"@id":"https:\/\/mayanlighting.es\/en\/#website"},"datePublished":"2019-11-07T10:26:00+00:00","dateModified":"2019-11-07T10:35:23+00:00","description":"MAYAN lighting design offers a wide range of Lighting Technical Studies services, supported by the latest lighting technologies and softwares","breadcrumb":{"@id":"https:\/\/mayanlighting.es\/technical-studies\/#breadcrumb"},"inLanguage":"es","potentialAction":[{"@type":"ReadAction","target":["https:\/\/mayanlighting.es\/technical-studies\/"]}]},{"@type":"BreadcrumbList","@id":"https:\/\/mayanlighting.es\/technical-studies\/#breadcrumb","itemListElement":[{"@type":"ListItem","position":1,"name":"Home","item":"https:\/\/mayanlighting.es\/en\/"},{"@type":"ListItem","position":2,"name":"Technical Studies"}]},{"@type":"WebSite","@id":"https:\/\/mayanlighting.es\/en\/#website","url":"https:\/\/mayanlighting.es\/en\/","name":"Mayan Lighting","description":"Lighting Design Consultancy in Barcelona","potentialAction":[{"@type":"SearchAction","target":{"@type":"EntryPoint","urlTemplate":"https:\/\/mayanlighting.es\/en\/?s={search_term_string}"},"query-input":{"@type":"PropertyValueSpecification","valueRequired":true,"valueName":"search_term_string"}}],"inLanguage":"es"}]}},"_links":{"self":[{"href":"https:\/\/mayanlighting.es\/es\/wp-json\/wp\/v2\/pages\/571","targetHints":{"allow":["GET"]}}],"collection":[{"href":"https:\/\/mayanlighting.es\/es\/wp-json\/wp\/v2\/pages"}],"about":[{"href":"https:\/\/mayanlighting.es\/es\/wp-json\/wp\/v2\/types\/page"}],"author":[{"embeddable":true,"href":"https:\/\/mayanlighting.es\/es\/wp-json\/wp\/v2\/users\/1"}],"replies":[{"embeddable":true,"href":"https:\/\/mayanlighting.es\/es\/wp-json\/wp\/v2\/comments?post=571"}],"version-history":[{"count":18,"href":"https:\/\/mayanlighting.es\/es\/wp-json\/wp\/v2\/pages\/571\/revisions"}],"predecessor-version":[{"id":592,"href":"https:\/\/mayanlighting.es\/es\/wp-json\/wp\/v2\/pages\/571\/revisions\/592"}],"wp:attachment":[{"href":"https:\/\/mayanlighting.es\/es\/wp-json\/wp\/v2\/media?parent=571"}],"curies":[{"name":"wp","href":"https:\/\/api.w.org\/{rel}","templated":true}]}}